{"id":11513,"date":"2020-11-05T16:06:39","date_gmt":"2020-11-05T16:06:39","guid":{"rendered":"https:\/\/tkgune.eus\/legal-notice\/"},"modified":"2023-11-22T12:05:12","modified_gmt":"2023-11-22T12:05:12","slug":"legal-notice","status":"publish","type":"page","link":"https:\/\/tkgune.eus\/en\/legal-notice\/","title":{"rendered":"Legal Notice"},"content":{"rendered":"\t\t<div data-elementor-type=\"wp-page\" data-elementor-id=\"11513\" class=\"elementor elementor-11513 elementor-4593\" data-elementor-post-type=\"page\">\n\t\t\t\t\t\t<section class=\"elementor-section elementor-top-section elementor-element elementor-element-11fbd04 elementor-section-boxed elementor-section-height-default elementor-section-height-default\" data-id=\"11fbd04\" data-element_type=\"section\" data-e-type=\"section\">\n\t\t\t\t\t\t<div class=\"elementor-container elementor-column-gap-wider\">\n\t\t\t\t\t<div class=\"elementor-column elementor-col-100 elementor-top-column elementor-element elementor-element-a76f4b1\" data-id=\"a76f4b1\" data-element_type=\"column\" data-e-type=\"column\">\n\t\t\t<div class=\"elementor-widget-wrap elementor-element-populated\">\n\t\t\t\t\t\t<section class=\"elementor-section elementor-inner-section elementor-element elementor-element-19b6cf5 elementor-section-boxed elementor-section-height-default elementor-section-height-default\" data-id=\"19b6cf5\" data-element_type=\"section\" data-e-type=\"section\">\n\t\t\t\t\t\t<div class=\"elementor-container elementor-column-gap-default\">\n\t\t\t\t\t<div class=\"elementor-column elementor-col-100 elementor-inner-column elementor-element elementor-element-758c1af\" data-id=\"758c1af\" data-element_type=\"column\" data-e-type=\"column\">\n\t\t\t<div class=\"elementor-widget-wrap elementor-element-populated\">\n\t\t\t\t\t\t<div class=\"elementor-element elementor-element-8731991 elementor-widget elementor-widget-heading\" data-id=\"8731991\" data-element_type=\"widget\" data-e-type=\"widget\" data-widget_type=\"heading.default\">\n\t\t\t\t<div class=\"elementor-widget-container\">\n\t\t\t\t\t<h3 class=\"elementor-heading-title elementor-size-default\"><b>Conditions of access and use of the website<\/b><\/h3>\t\t\t\t<\/div>\n\t\t\t\t<\/div>\n\t\t\t\t<div class=\"elementor-element elementor-element-6084abf elementor-widget elementor-widget-text-editor\" data-id=\"6084abf\" data-element_type=\"widget\" data-e-type=\"widget\" data-widget_type=\"text-editor.default\">\n\t\t\t\t<div class=\"elementor-widget-container\">\n\t\t\t\t\t\t\t\t\t<p>The website www.tkgune.eus has been created for informative, consultative and contact purposes with the entity TKNIKA, CENTRO DE INVESTIGACI\u00d3N E INNOVACI\u00d3N APLICADA DE LA FORMACI\u00d3N PROFESIONAL DEL PA\u00cdS VASCO (BASQUE COUNTRY RESEARCH AND APPLIED INNOVATION CENTER FOR VOCATIONAL TRAINING).<\/p>\n\t\t\t\t\t\t\t\t<\/div>\n\t\t\t\t<\/div>\n\t\t\t\t\t<\/div>\n\t\t<\/div>\n\t\t\t\t\t<\/div>\n\t\t<\/section>\n\t\t\t\t<section class=\"elementor-section elementor-inner-section elementor-element elementor-element-44673b3 elementor-section-boxed elementor-section-height-default elementor-section-height-default\" data-id=\"44673b3\" data-element_type=\"section\" data-e-type=\"section\">\n\t\t\t\t\t\t<div class=\"elementor-container elementor-column-gap-default\">\n\t\t\t\t\t<div class=\"elementor-column elementor-col-50 elementor-inner-column elementor-element elementor-element-535d4d6\" data-id=\"535d4d6\" data-element_type=\"column\" data-e-type=\"column\">\n\t\t\t<div class=\"elementor-widget-wrap elementor-element-populated\">\n\t\t\t\t\t\t<div class=\"elementor-element elementor-element-98b1fb1 elementor-widget elementor-widget-heading\" data-id=\"98b1fb1\" data-element_type=\"widget\" data-e-type=\"widget\" data-widget_type=\"heading.default\">\n\t\t\t\t<div class=\"elementor-widget-container\">\n\t\t\t\t\t<h4 class=\"elementor-heading-title elementor-size-default\"><b> IDENTIFICACI\u00d3N <\/b><\/h4>\t\t\t\t<\/div>\n\t\t\t\t<\/div>\n\t\t\t\t\t<\/div>\n\t\t<\/div>\n\t\t\t\t<div class=\"elementor-column elementor-col-50 elementor-inner-column elementor-element elementor-element-22e099d\" data-id=\"22e099d\" data-element_type=\"column\" data-e-type=\"column\">\n\t\t\t<div class=\"elementor-widget-wrap elementor-element-populated\">\n\t\t\t\t\t\t<div class=\"elementor-element elementor-element-29c35b2 elementor-widget elementor-widget-text-editor\" data-id=\"29c35b2\" data-element_type=\"widget\" data-e-type=\"widget\" data-widget_type=\"text-editor.default\">\n\t\t\t\t<div class=\"elementor-widget-container\">\n\t\t\t\t\t\t\t\t\t<p>The website http:\/\/www.tkgune.eus is owned by the public entity TKNIKA, CENTRO DE INVESTIGACI\u00d3N E INNOVACI\u00d3N APLICADA DE LA FORMACI\u00d3N PROFESIONAL DEL PA\u00cdS VASCO, with CIF S4833001C, and address in Zamalbide Auzoa, z\/g of the town of ERRENTERIA CP 20100 (GIPUZKOA), an entity belonging to the Department of Education of the Basque Government, with telephone number (+34) 943082900 and email info@tknika.eus.<\/p>\n\t\t\t\t\t\t\t\t<\/div>\n\t\t\t\t<\/div>\n\t\t\t\t\t<\/div>\n\t\t<\/div>\n\t\t\t\t\t<\/div>\n\t\t<\/section>\n\t\t\t\t<section class=\"elementor-section elementor-inner-section elementor-element elementor-element-cdd760d elementor-section-boxed elementor-section-height-default elementor-section-height-default\" data-id=\"cdd760d\" data-element_type=\"section\" data-e-type=\"section\">\n\t\t\t\t\t\t<div class=\"elementor-container elementor-column-gap-default\">\n\t\t\t\t\t<div class=\"elementor-column elementor-col-50 elementor-inner-column elementor-element elementor-element-af31008\" data-id=\"af31008\" data-element_type=\"column\" data-e-type=\"column\">\n\t\t\t<div class=\"elementor-widget-wrap elementor-element-populated\">\n\t\t\t\t\t\t<div class=\"elementor-element elementor-element-9aa24ff elementor-widget elementor-widget-heading\" data-id=\"9aa24ff\" data-element_type=\"widget\" data-e-type=\"widget\" data-widget_type=\"heading.default\">\n\t\t\t\t<div class=\"elementor-widget-container\">\n\t\t\t\t\t<h4 class=\"elementor-heading-title elementor-size-default\"><b> T\u00c9RMINOS Y CONDICIONES <\/b><\/h4>\t\t\t\t<\/div>\n\t\t\t\t<\/div>\n\t\t\t\t\t<\/div>\n\t\t<\/div>\n\t\t\t\t<div class=\"elementor-column elementor-col-50 elementor-inner-column elementor-element elementor-element-f9caf79\" data-id=\"f9caf79\" data-element_type=\"column\" data-e-type=\"column\">\n\t\t\t<div class=\"elementor-widget-wrap elementor-element-populated\">\n\t\t\t\t\t\t<div class=\"elementor-element elementor-element-d52bd36 elementor-widget elementor-widget-text-editor\" data-id=\"d52bd36\" data-element_type=\"widget\" data-e-type=\"widget\" data-widget_type=\"text-editor.default\">\n\t\t\t\t<div class=\"elementor-widget-container\">\n\t\t\t\t\t\t\t\t\t<p>Browsing the website www.tkgune.eus , implies knowledge and acceptance of the terms and conditions that regulate it, and that apply to its pages and contents. In some sections of this website may apply specific terms and conditions of use, which the user must accept for access, viewing or consultation. The notices and conditions are available to the user on the main page or homepage of this website, the user can access and download them at any time for consultation and \/ or reading.<\/p>\n\t\t\t\t\t\t\t\t<\/div>\n\t\t\t\t<\/div>\n\t\t\t\t\t<\/div>\n\t\t<\/div>\n\t\t\t\t\t<\/div>\n\t\t<\/section>\n\t\t\t\t<section class=\"elementor-section elementor-inner-section elementor-element elementor-element-a2e2a89 elementor-section-boxed elementor-section-height-default elementor-section-height-default\" data-id=\"a2e2a89\" data-element_type=\"section\" data-e-type=\"section\">\n\t\t\t\t\t\t<div class=\"elementor-container elementor-column-gap-default\">\n\t\t\t\t\t<div class=\"elementor-column elementor-col-50 elementor-inner-column elementor-element elementor-element-52d2a99\" data-id=\"52d2a99\" data-element_type=\"column\" data-e-type=\"column\">\n\t\t\t<div class=\"elementor-widget-wrap elementor-element-populated\">\n\t\t\t\t\t\t<div class=\"elementor-element elementor-element-1aabedd elementor-widget elementor-widget-heading\" data-id=\"1aabedd\" data-element_type=\"widget\" data-e-type=\"widget\" data-widget_type=\"heading.default\">\n\t\t\t\t<div class=\"elementor-widget-container\">\n\t\t\t\t\t<h4 class=\"elementor-heading-title elementor-size-default\"><b> INTELLECTUAL PROPERTY RIGHTSL <\/b><\/h4>\t\t\t\t<\/div>\n\t\t\t\t<\/div>\n\t\t\t\t\t<\/div>\n\t\t<\/div>\n\t\t\t\t<div class=\"elementor-column elementor-col-50 elementor-inner-column elementor-element elementor-element-17f9c6b\" data-id=\"17f9c6b\" data-element_type=\"column\" data-e-type=\"column\">\n\t\t\t<div class=\"elementor-widget-wrap elementor-element-populated\">\n\t\t\t\t\t\t<div class=\"elementor-element elementor-element-5719d6b elementor-widget elementor-widget-text-editor\" data-id=\"5719d6b\" data-element_type=\"widget\" data-e-type=\"widget\" data-widget_type=\"text-editor.default\">\n\t\t\t\t<div class=\"elementor-widget-container\">\n\t\t\t\t\t\t\t\t\t<p>The intellectual property rights of the website www.tkgune.eus and of the different elements contained therein are owned by the General Administration of the Autonomous Community of the Basque Country.<\/p>\n\t\t\t\t\t\t\t\t<\/div>\n\t\t\t\t<\/div>\n\t\t\t\t\t<\/div>\n\t\t<\/div>\n\t\t\t\t\t<\/div>\n\t\t<\/section>\n\t\t\t\t<section class=\"elementor-section elementor-inner-section elementor-element elementor-element-62e64a7 elementor-section-boxed elementor-section-height-default elementor-section-height-default\" data-id=\"62e64a7\" data-element_type=\"section\" data-e-type=\"section\">\n\t\t\t\t\t\t<div class=\"elementor-container elementor-column-gap-default\">\n\t\t\t\t\t<div class=\"elementor-column elementor-col-50 elementor-inner-column elementor-element elementor-element-0db5cac\" data-id=\"0db5cac\" data-element_type=\"column\" data-e-type=\"column\">\n\t\t\t<div class=\"elementor-widget-wrap elementor-element-populated\">\n\t\t\t\t\t\t<div class=\"elementor-element elementor-element-f8af8f2 elementor-widget elementor-widget-heading\" data-id=\"f8af8f2\" data-element_type=\"widget\" data-e-type=\"widget\" data-widget_type=\"heading.default\">\n\t\t\t\t<div class=\"elementor-widget-container\">\n\t\t\t\t\t<h4 class=\"elementor-heading-title elementor-size-default\"><b> RESPONSABILITY <\/b><\/h4>\t\t\t\t<\/div>\n\t\t\t\t<\/div>\n\t\t\t\t\t<\/div>\n\t\t<\/div>\n\t\t\t\t<div class=\"elementor-column elementor-col-50 elementor-inner-column elementor-element elementor-element-5c3e9b5\" data-id=\"5c3e9b5\" data-element_type=\"column\" data-e-type=\"column\">\n\t\t\t<div class=\"elementor-widget-wrap elementor-element-populated\">\n\t\t\t\t\t\t<div class=\"elementor-element elementor-element-5d8a81f elementor-widget elementor-widget-text-editor\" data-id=\"5d8a81f\" data-element_type=\"widget\" data-e-type=\"widget\" data-widget_type=\"text-editor.default\">\n\t\t\t\t<div class=\"elementor-widget-container\">\n\t\t\t\t\t\t\t\t\t<p>Both access to the website and the use that may be made of the information contained therein are the exclusive responsibility of the user. The Administration of the Autonomous Community of the Basque Country shall not be liable for any consequence or damage that may arise from said access or use of information, with the exception of any actions resulting from the application of the legal provisions to which it is subject in the strict exercise of its powers.<\/p>\n<p>The Administration of the Autonomous Community of the Basque Country assumes no responsibility whatsoever derived from the connection or contents of the links to third parties referred to on the website.<\/p>\n\t\t\t\t\t\t\t\t<\/div>\n\t\t\t\t<\/div>\n\t\t\t\t\t<\/div>\n\t\t<\/div>\n\t\t\t\t\t<\/div>\n\t\t<\/section>\n\t\t\t\t\t<\/div>\n\t\t<\/div>\n\t\t\t\t\t<\/div>\n\t\t<\/section>\n\t\t\t\t<\/div>\n\t\t","protected":false},"excerpt":{"rendered":"<p>Conditions of access and use of the website The website www.tkgune.eus has been created for informative, consultative and contact purposes with the entity TKNIKA, CENTRO DE INVESTIGACI\u00d3N E INNOVACI\u00d3N APLICADA DE LA FORMACI\u00d3N PROFESIONAL DEL PA\u00cdS VASCO (BASQUE COUNTRY RESEARCH AND APPLIED INNOVATION CENTER FOR VOCATIONAL TRAINING). IDENTIFICACI\u00d3N The website http:\/\/www.tkgune.eus is owned by the&hellip;<\/p>\n","protected":false},"author":1,"featured_media":0,"parent":0,"menu_order":0,"comment_status":"closed","ping_status":"open","template":"","meta":{"footnotes":""},"class_list":["post-11513","page","type-page","status-publish","hentry"],"yoast_head":"<!-- This site is optimized with the Yoast SEO plugin v27.4 - https:\/\/yoast.com\/product\/yoast-seo-wordpress\/ -->\n<title>Legal Notice - TKgune<\/title>\n<meta name=\"robots\" content=\"index, follow, max-snippet:-1, max-image-preview:large, max-video-preview:-1\" \/>\n<link rel=\"canonical\" href=\"https:\/\/tkgune.eus\/en\/legal-notice\/\" \/>\n<meta property=\"og:locale\" content=\"en_US\" \/>\n<meta property=\"og:type\" content=\"article\" \/>\n<meta property=\"og:title\" content=\"Legal Notice - TKgune\" \/>\n<meta property=\"og:description\" content=\"Conditions of access and use of the website The website www.tkgune.eus has been created for informative, consultative and contact purposes with the entity TKNIKA, CENTRO DE INVESTIGACI\u00d3N E INNOVACI\u00d3N APLICADA DE LA FORMACI\u00d3N PROFESIONAL DEL PA\u00cdS VASCO (BASQUE COUNTRY RESEARCH AND APPLIED INNOVATION CENTER FOR VOCATIONAL TRAINING). IDENTIFICACI\u00d3N The website http:\/\/www.tkgune.eus is owned by the&hellip;\" \/>\n<meta property=\"og:url\" content=\"https:\/\/tkgune.eus\/en\/legal-notice\/\" \/>\n<meta property=\"og:site_name\" content=\"TKgune\" \/>\n<meta property=\"article:modified_time\" content=\"2023-11-22T12:05:12+00:00\" \/>\n<meta name=\"twitter:card\" content=\"summary_large_image\" \/>\n<meta name=\"twitter:label1\" content=\"Est. reading time\" \/>\n\t<meta name=\"twitter:data1\" content=\"2 minutes\" \/>\n<script type=\"application\/ld+json\" class=\"yoast-schema-graph\">{\"@context\":\"https:\\\/\\\/schema.org\",\"@graph\":[{\"@type\":\"WebPage\",\"@id\":\"https:\\\/\\\/tkgune.eus\\\/en\\\/legal-notice\\\/\",\"url\":\"https:\\\/\\\/tkgune.eus\\\/en\\\/legal-notice\\\/\",\"name\":\"Legal Notice - TKgune\",\"isPartOf\":{\"@id\":\"https:\\\/\\\/tkgune.eus\\\/en\\\/#website\"},\"datePublished\":\"2020-11-05T16:06:39+00:00\",\"dateModified\":\"2023-11-22T12:05:12+00:00\",\"breadcrumb\":{\"@id\":\"https:\\\/\\\/tkgune.eus\\\/en\\\/legal-notice\\\/#breadcrumb\"},\"inLanguage\":\"en-US\",\"potentialAction\":[{\"@type\":\"ReadAction\",\"target\":[\"https:\\\/\\\/tkgune.eus\\\/en\\\/legal-notice\\\/\"]}]},{\"@type\":\"BreadcrumbList\",\"@id\":\"https:\\\/\\\/tkgune.eus\\\/en\\\/legal-notice\\\/#breadcrumb\",\"itemListElement\":[{\"@type\":\"ListItem\",\"position\":1,\"name\":\"Portada\",\"item\":\"https:\\\/\\\/tkgune.eus\\\/en\\\/\"},{\"@type\":\"ListItem\",\"position\":2,\"name\":\"Legal Notice\"}]},{\"@type\":\"WebSite\",\"@id\":\"https:\\\/\\\/tkgune.eus\\\/en\\\/#website\",\"url\":\"https:\\\/\\\/tkgune.eus\\\/en\\\/\",\"name\":\"TKgune\",\"description\":\"Berrikuntza eta Teknologia transferentziarako sarea\",\"publisher\":{\"@id\":\"https:\\\/\\\/tkgune.eus\\\/en\\\/#organization\"},\"potentialAction\":[{\"@type\":\"SearchAction\",\"target\":{\"@type\":\"EntryPoint\",\"urlTemplate\":\"https:\\\/\\\/tkgune.eus\\\/en\\\/?s={search_term_string}\"},\"query-input\":{\"@type\":\"PropertyValueSpecification\",\"valueRequired\":true,\"valueName\":\"search_term_string\"}}],\"inLanguage\":\"en-US\"},{\"@type\":\"Organization\",\"@id\":\"https:\\\/\\\/tkgune.eus\\\/en\\\/#organization\",\"name\":\"Tknika\",\"url\":\"https:\\\/\\\/tkgune.eus\\\/en\\\/\",\"logo\":{\"@type\":\"ImageObject\",\"inLanguage\":\"en-US\",\"@id\":\"https:\\\/\\\/tkgune.eus\\\/en\\\/#\\\/schema\\\/logo\\\/image\\\/\",\"url\":\"https:\\\/\\\/tkgune.eus\\\/wp-content\\\/uploads\\\/2020\\\/07\\\/tknika-logo.png\",\"contentUrl\":\"https:\\\/\\\/tkgune.eus\\\/wp-content\\\/uploads\\\/2020\\\/07\\\/tknika-logo.png\",\"width\":490,\"height\":95,\"caption\":\"Tknika\"},\"image\":{\"@id\":\"https:\\\/\\\/tkgune.eus\\\/en\\\/#\\\/schema\\\/logo\\\/image\\\/\"}}]}<\/script>\n<!-- \/ Yoast SEO plugin. -->","yoast_head_json":{"title":"Legal Notice - TKgune","robots":{"index":"index","follow":"follow","max-snippet":"max-snippet:-1","max-image-preview":"max-image-preview:large","max-video-preview":"max-video-preview:-1"},"canonical":"https:\/\/tkgune.eus\/en\/legal-notice\/","og_locale":"en_US","og_type":"article","og_title":"Legal Notice - TKgune","og_description":"Conditions of access and use of the website The website www.tkgune.eus has been created for informative, consultative and contact purposes with the entity TKNIKA, CENTRO DE INVESTIGACI\u00d3N E INNOVACI\u00d3N APLICADA DE LA FORMACI\u00d3N PROFESIONAL DEL PA\u00cdS VASCO (BASQUE COUNTRY RESEARCH AND APPLIED INNOVATION CENTER FOR VOCATIONAL TRAINING). IDENTIFICACI\u00d3N The website http:\/\/www.tkgune.eus is owned by the&hellip;","og_url":"https:\/\/tkgune.eus\/en\/legal-notice\/","og_site_name":"TKgune","article_modified_time":"2023-11-22T12:05:12+00:00","twitter_card":"summary_large_image","twitter_misc":{"Est. reading time":"2 minutes"},"schema":{"@context":"https:\/\/schema.org","@graph":[{"@type":"WebPage","@id":"https:\/\/tkgune.eus\/en\/legal-notice\/","url":"https:\/\/tkgune.eus\/en\/legal-notice\/","name":"Legal Notice - TKgune","isPartOf":{"@id":"https:\/\/tkgune.eus\/en\/#website"},"datePublished":"2020-11-05T16:06:39+00:00","dateModified":"2023-11-22T12:05:12+00:00","breadcrumb":{"@id":"https:\/\/tkgune.eus\/en\/legal-notice\/#breadcrumb"},"inLanguage":"en-US","potentialAction":[{"@type":"ReadAction","target":["https:\/\/tkgune.eus\/en\/legal-notice\/"]}]},{"@type":"BreadcrumbList","@id":"https:\/\/tkgune.eus\/en\/legal-notice\/#breadcrumb","itemListElement":[{"@type":"ListItem","position":1,"name":"Portada","item":"https:\/\/tkgune.eus\/en\/"},{"@type":"ListItem","position":2,"name":"Legal Notice"}]},{"@type":"WebSite","@id":"https:\/\/tkgune.eus\/en\/#website","url":"https:\/\/tkgune.eus\/en\/","name":"TKgune","description":"Berrikuntza eta Teknologia transferentziarako sarea","publisher":{"@id":"https:\/\/tkgune.eus\/en\/#organization"},"potentialAction":[{"@type":"SearchAction","target":{"@type":"EntryPoint","urlTemplate":"https:\/\/tkgune.eus\/en\/?s={search_term_string}"},"query-input":{"@type":"PropertyValueSpecification","valueRequired":true,"valueName":"search_term_string"}}],"inLanguage":"en-US"},{"@type":"Organization","@id":"https:\/\/tkgune.eus\/en\/#organization","name":"Tknika","url":"https:\/\/tkgune.eus\/en\/","logo":{"@type":"ImageObject","inLanguage":"en-US","@id":"https:\/\/tkgune.eus\/en\/#\/schema\/logo\/image\/","url":"https:\/\/tkgune.eus\/wp-content\/uploads\/2020\/07\/tknika-logo.png","contentUrl":"https:\/\/tkgune.eus\/wp-content\/uploads\/2020\/07\/tknika-logo.png","width":490,"height":95,"caption":"Tknika"},"image":{"@id":"https:\/\/tkgune.eus\/en\/#\/schema\/logo\/image\/"}}]}},"_links":{"self":[{"href":"https:\/\/tkgune.eus\/en\/wp-json\/wp\/v2\/pages\/11513","targetHints":{"allow":["GET"]}}],"collection":[{"href":"https:\/\/tkgune.eus\/en\/wp-json\/wp\/v2\/pages"}],"about":[{"href":"https:\/\/tkgune.eus\/en\/wp-json\/wp\/v2\/types\/page"}],"author":[{"embeddable":true,"href":"https:\/\/tkgune.eus\/en\/wp-json\/wp\/v2\/users\/1"}],"replies":[{"embeddable":true,"href":"https:\/\/tkgune.eus\/en\/wp-json\/wp\/v2\/comments?post=11513"}],"version-history":[{"count":1,"href":"https:\/\/tkgune.eus\/en\/wp-json\/wp\/v2\/pages\/11513\/revisions"}],"predecessor-version":[{"id":11514,"href":"https:\/\/tkgune.eus\/en\/wp-json\/wp\/v2\/pages\/11513\/revisions\/11514"}],"wp:attachment":[{"href":"https:\/\/tkgune.eus\/en\/wp-json\/wp\/v2\/media?parent=11513"}],"curies":[{"name":"wp","href":"https:\/\/api.w.org\/{rel}","templated":true}]}}