{"id":11530,"date":"2020-07-16T09:27:43","date_gmt":"2020-07-16T09:27:43","guid":{"rendered":"https:\/\/tkgune.eus\/privacy-policy\/"},"modified":"2023-11-22T12:26:07","modified_gmt":"2023-11-22T12:26:07","slug":"privacy-policy","status":"publish","type":"page","link":"https:\/\/tkgune.eus\/en\/privacy-policy\/","title":{"rendered":"Privacy Policy"},"content":{"rendered":"\t\t<div data-elementor-type=\"wp-page\" data-elementor-id=\"11530\" class=\"elementor elementor-11530 elementor-3\" data-elementor-post-type=\"page\">\n\t\t\t\t\t\t<section class=\"elementor-section elementor-top-section elementor-element elementor-element-11fbd04 elementor-section-boxed elementor-section-height-default elementor-section-height-default\" data-id=\"11fbd04\" data-element_type=\"section\" data-e-type=\"section\">\n\t\t\t\t\t\t<div class=\"elementor-container elementor-column-gap-wider\">\n\t\t\t\t\t<div class=\"elementor-column elementor-col-100 elementor-top-column elementor-element elementor-element-a76f4b1\" data-id=\"a76f4b1\" data-element_type=\"column\" data-e-type=\"column\">\n\t\t\t<div class=\"elementor-widget-wrap elementor-element-populated\">\n\t\t\t\t\t\t<section class=\"elementor-section elementor-inner-section elementor-element elementor-element-19b6cf5 elementor-section-boxed elementor-section-height-default elementor-section-height-default\" data-id=\"19b6cf5\" data-element_type=\"section\" data-e-type=\"section\">\n\t\t\t\t\t\t<div class=\"elementor-container elementor-column-gap-default\">\n\t\t\t\t\t<div class=\"elementor-column elementor-col-50 elementor-inner-column elementor-element elementor-element-e9ecc70\" data-id=\"e9ecc70\" data-element_type=\"column\" data-e-type=\"column\">\n\t\t\t<div class=\"elementor-widget-wrap elementor-element-populated\">\n\t\t\t\t\t\t<div class=\"elementor-element elementor-element-84adb61 elementor-widget elementor-widget-heading\" data-id=\"84adb61\" data-element_type=\"widget\" data-e-type=\"widget\" data-widget_type=\"heading.default\">\n\t\t\t\t<div class=\"elementor-widget-container\">\n\t\t\t\t\t<h4 class=\"elementor-heading-title elementor-size-default\"><b>RESPONSABLE<\/b><\/h4>\t\t\t\t<\/div>\n\t\t\t\t<\/div>\n\t\t\t\t\t<\/div>\n\t\t<\/div>\n\t\t\t\t<div class=\"elementor-column elementor-col-50 elementor-inner-column elementor-element elementor-element-758c1af\" data-id=\"758c1af\" data-element_type=\"column\" data-e-type=\"column\">\n\t\t\t<div class=\"elementor-widget-wrap elementor-element-populated\">\n\t\t\t\t\t\t<div class=\"elementor-element elementor-element-6084abf elementor-widget elementor-widget-text-editor\" data-id=\"6084abf\" data-element_type=\"widget\" data-e-type=\"widget\" data-widget_type=\"text-editor.default\">\n\t\t\t\t<div class=\"elementor-widget-container\">\n\t\t\t\t\t\t\t\t\t<p>TKNIKA, CENTRO DE INVESTIGACI\u00d3N E INNOVACI\u00d3N APLICADA DE LA FORMACI\u00d3N PROFESIONAL DEL PA\u00cdS VASCO, Zamalbide Auzoa, z\/g of the town of ERRENTERIA CP 20100 (GIPUZKOA), to the telephone number (+34) 943082900 or to the email info@tknika.eus.<\/p>\n\t\t\t\t\t\t\t\t<\/div>\n\t\t\t\t<\/div>\n\t\t\t\t\t<\/div>\n\t\t<\/div>\n\t\t\t\t\t<\/div>\n\t\t<\/section>\n\t\t\t\t<section class=\"elementor-section elementor-inner-section elementor-element elementor-element-79ec4e9 elementor-section-boxed elementor-section-height-default elementor-section-height-default\" data-id=\"79ec4e9\" data-element_type=\"section\" data-e-type=\"section\">\n\t\t\t\t\t\t<div class=\"elementor-container elementor-column-gap-default\">\n\t\t\t\t\t<div class=\"elementor-column elementor-col-50 elementor-inner-column elementor-element elementor-element-8c6f728\" data-id=\"8c6f728\" data-element_type=\"column\" data-e-type=\"column\">\n\t\t\t<div class=\"elementor-widget-wrap elementor-element-populated\">\n\t\t\t\t\t\t<div class=\"elementor-element elementor-element-c50d2e6 elementor-widget elementor-widget-heading\" data-id=\"c50d2e6\" data-element_type=\"widget\" data-e-type=\"widget\" data-widget_type=\"heading.default\">\n\t\t\t\t<div class=\"elementor-widget-container\">\n\t\t\t\t\t<h4 class=\"elementor-heading-title elementor-size-default\"><b>PURPOSE<\/b><\/h4>\t\t\t\t<\/div>\n\t\t\t\t<\/div>\n\t\t\t\t\t<\/div>\n\t\t<\/div>\n\t\t\t\t<div class=\"elementor-column elementor-col-50 elementor-inner-column elementor-element elementor-element-b72e7df\" data-id=\"b72e7df\" data-element_type=\"column\" data-e-type=\"column\">\n\t\t\t<div class=\"elementor-widget-wrap elementor-element-populated\">\n\t\t\t\t\t\t<div class=\"elementor-element elementor-element-473b606 elementor-widget elementor-widget-text-editor\" data-id=\"473b606\" data-element_type=\"widget\" data-e-type=\"widget\" data-widget_type=\"text-editor.default\">\n\t\t\t\t<div class=\"elementor-widget-container\">\n\t\t\t\t\t\t\t\t\t<p>The processing of personal data is carried out for the purpose of administrative management of user data. Any purpose other than those foreseen will be previously communicated to the owners of the personal data for their authorization.<\/p>\n\t\t\t\t\t\t\t\t<\/div>\n\t\t\t\t<\/div>\n\t\t\t\t\t<\/div>\n\t\t<\/div>\n\t\t\t\t\t<\/div>\n\t\t<\/section>\n\t\t\t\t<section class=\"elementor-section elementor-inner-section elementor-element elementor-element-f0a6ff2 elementor-section-boxed elementor-section-height-default elementor-section-height-default\" data-id=\"f0a6ff2\" data-element_type=\"section\" data-e-type=\"section\">\n\t\t\t\t\t\t<div class=\"elementor-container elementor-column-gap-default\">\n\t\t\t\t\t<div class=\"elementor-column elementor-col-50 elementor-inner-column elementor-element elementor-element-8ce674b\" data-id=\"8ce674b\" data-element_type=\"column\" data-e-type=\"column\">\n\t\t\t<div class=\"elementor-widget-wrap elementor-element-populated\">\n\t\t\t\t\t\t<div class=\"elementor-element elementor-element-f1e7911 elementor-widget elementor-widget-heading\" data-id=\"f1e7911\" data-element_type=\"widget\" data-e-type=\"widget\" data-widget_type=\"heading.default\">\n\t\t\t\t<div class=\"elementor-widget-container\">\n\t\t\t\t\t<h4 class=\"elementor-heading-title elementor-size-default\"><b> LEGITIMACY <\/b><\/h4>\t\t\t\t<\/div>\n\t\t\t\t<\/div>\n\t\t\t\t\t<\/div>\n\t\t<\/div>\n\t\t\t\t<div class=\"elementor-column elementor-col-50 elementor-inner-column elementor-element elementor-element-63d6cc3\" data-id=\"63d6cc3\" data-element_type=\"column\" data-e-type=\"column\">\n\t\t\t<div class=\"elementor-widget-wrap elementor-element-populated\">\n\t\t\t\t\t\t<div class=\"elementor-element elementor-element-44aa37a elementor-widget elementor-widget-text-editor\" data-id=\"44aa37a\" data-element_type=\"widget\" data-e-type=\"widget\" data-widget_type=\"text-editor.default\">\n\t\t\t\t<div class=\"elementor-widget-container\">\n\t\t\t\t\t\t\t\t\t<p>The legal basis on which the processing is based is the consent of the data subject. Your data will be retained for as long as the business relationship is maintained or for as long as necessary to comply with legal obligations.<\/p>\n\t\t\t\t\t\t\t\t<\/div>\n\t\t\t\t<\/div>\n\t\t\t\t\t<\/div>\n\t\t<\/div>\n\t\t\t\t\t<\/div>\n\t\t<\/section>\n\t\t\t\t<section class=\"elementor-section elementor-inner-section elementor-element elementor-element-da4518e elementor-section-boxed elementor-section-height-default elementor-section-height-default\" data-id=\"da4518e\" data-element_type=\"section\" data-e-type=\"section\">\n\t\t\t\t\t\t<div class=\"elementor-container elementor-column-gap-default\">\n\t\t\t\t\t<div class=\"elementor-column elementor-col-50 elementor-inner-column elementor-element elementor-element-44ad50e\" data-id=\"44ad50e\" data-element_type=\"column\" data-e-type=\"column\">\n\t\t\t<div class=\"elementor-widget-wrap elementor-element-populated\">\n\t\t\t\t\t\t<div class=\"elementor-element elementor-element-9ee91c0 elementor-widget elementor-widget-heading\" data-id=\"9ee91c0\" data-element_type=\"widget\" data-e-type=\"widget\" data-widget_type=\"heading.default\">\n\t\t\t\t<div class=\"elementor-widget-container\">\n\t\t\t\t\t<h4 class=\"elementor-heading-title elementor-size-default\"><b> TARGET <\/b><\/h4>\t\t\t\t<\/div>\n\t\t\t\t<\/div>\n\t\t\t\t\t<\/div>\n\t\t<\/div>\n\t\t\t\t<div class=\"elementor-column elementor-col-50 elementor-inner-column elementor-element elementor-element-169d279\" data-id=\"169d279\" data-element_type=\"column\" data-e-type=\"column\">\n\t\t\t<div class=\"elementor-widget-wrap elementor-element-populated\">\n\t\t\t\t\t\t<div class=\"elementor-element elementor-element-68e22fc elementor-widget elementor-widget-text-editor\" data-id=\"68e22fc\" data-element_type=\"widget\" data-e-type=\"widget\" data-widget_type=\"text-editor.default\">\n\t\t\t\t<div class=\"elementor-widget-container\">\n\t\t\t\t\t\t\t\t\t<p>No data will be transferred to third parties, unless required by law. There are no international data transfers.<\/p>\n\t\t\t\t\t\t\t\t<\/div>\n\t\t\t\t<\/div>\n\t\t\t\t\t<\/div>\n\t\t<\/div>\n\t\t\t\t\t<\/div>\n\t\t<\/section>\n\t\t\t\t<section class=\"elementor-section elementor-inner-section elementor-element elementor-element-e572e23 elementor-section-boxed elementor-section-height-default elementor-section-height-default\" data-id=\"e572e23\" data-element_type=\"section\" data-e-type=\"section\">\n\t\t\t\t\t\t<div class=\"elementor-container elementor-column-gap-default\">\n\t\t\t\t\t<div class=\"elementor-column elementor-col-50 elementor-inner-column elementor-element elementor-element-a6514ba\" data-id=\"a6514ba\" data-element_type=\"column\" data-e-type=\"column\">\n\t\t\t<div class=\"elementor-widget-wrap elementor-element-populated\">\n\t\t\t\t\t\t<div class=\"elementor-element elementor-element-11784aa elementor-widget elementor-widget-heading\" data-id=\"11784aa\" data-element_type=\"widget\" data-e-type=\"widget\" data-widget_type=\"heading.default\">\n\t\t\t\t<div class=\"elementor-widget-container\">\n\t\t\t\t\t<h4 class=\"elementor-heading-title elementor-size-default\"><b> RIGHTS <\/b><\/h4>\t\t\t\t<\/div>\n\t\t\t\t<\/div>\n\t\t\t\t\t<\/div>\n\t\t<\/div>\n\t\t\t\t<div class=\"elementor-column elementor-col-50 elementor-inner-column elementor-element elementor-element-3408dd0\" data-id=\"3408dd0\" data-element_type=\"column\" data-e-type=\"column\">\n\t\t\t<div class=\"elementor-widget-wrap elementor-element-populated\">\n\t\t\t\t\t\t<div class=\"elementor-element elementor-element-07f59e4 elementor-widget elementor-widget-text-editor\" data-id=\"07f59e4\" data-element_type=\"widget\" data-e-type=\"widget\" data-widget_type=\"text-editor.default\">\n\t\t\t\t<div class=\"elementor-widget-container\">\n\t\t\t\t\t\t\t\t\tAny customer or user has the right to obtain information about the processing of their personal data; to exercise the RIGHT OF ACCESS or consultation to their personal data, the RIGHT OF RECTIFICATION to modify erroneous data or incomplete data, RIGHT OF DELETION or cancellation of their personal data when they are no longer necessary for the purposes for which they were processed, RIGHT TO LIMIT THE PROCESSING, RIGHT TO OPPOSE the processing, RIGHT TO PORTABILITY of their personal data, before the &#8220;Data Controller&#8221; or before the Data Protection Delegate.\r\n\r\nIn addition, you have the right to file a complaint with the competent supervisory authority Basque Data Protection Agency.\t\t\t\t\t\t\t\t<\/div>\n\t\t\t\t<\/div>\n\t\t\t\t\t<\/div>\n\t\t<\/div>\n\t\t\t\t\t<\/div>\n\t\t<\/section>\n\t\t\t\t\t<\/div>\n\t\t<\/div>\n\t\t\t\t\t<\/div>\n\t\t<\/section>\n\t\t\t\t<\/div>\n\t\t","protected":false},"excerpt":{"rendered":"<p>RESPONSABLE TKNIKA, CENTRO DE INVESTIGACI\u00d3N E INNOVACI\u00d3N APLICADA DE LA FORMACI\u00d3N PROFESIONAL DEL PA\u00cdS VASCO, Zamalbide Auzoa, z\/g of the town of ERRENTERIA CP 20100 (GIPUZKOA), to the telephone number (+34) 943082900 or to the email info@tknika.eus. PURPOSE The processing of personal data is carried out for the purpose of administrative management of user data.&hellip;<\/p>\n","protected":false},"author":1,"featured_media":0,"parent":0,"menu_order":0,"comment_status":"closed","ping_status":"open","template":"","meta":{"footnotes":""},"class_list":["post-11530","page","type-page","status-publish","hentry"],"yoast_head":"<!-- This site is optimized with the Yoast SEO plugin v27.3 - https:\/\/yoast.com\/product\/yoast-seo-wordpress\/ -->\n<title>Privacy Policy - TKgune<\/title>\n<meta name=\"robots\" content=\"index, follow, max-snippet:-1, max-image-preview:large, max-video-preview:-1\" \/>\n<link rel=\"canonical\" href=\"https:\/\/tkgune.eus\/en\/privacy-policy\/\" \/>\n<meta property=\"og:locale\" content=\"en_US\" \/>\n<meta property=\"og:type\" content=\"article\" \/>\n<meta property=\"og:title\" content=\"Privacy Policy - TKgune\" \/>\n<meta property=\"og:description\" content=\"RESPONSABLE TKNIKA, CENTRO DE INVESTIGACI\u00d3N E INNOVACI\u00d3N APLICADA DE LA FORMACI\u00d3N PROFESIONAL DEL PA\u00cdS VASCO, Zamalbide Auzoa, z\/g of the town of ERRENTERIA CP 20100 (GIPUZKOA), to the telephone number (+34) 943082900 or to the email info@tknika.eus. PURPOSE The processing of personal data is carried out for the purpose of administrative management of user data.&hellip;\" \/>\n<meta property=\"og:url\" content=\"https:\/\/tkgune.eus\/en\/privacy-policy\/\" \/>\n<meta property=\"og:site_name\" content=\"TKgune\" \/>\n<meta property=\"article:modified_time\" content=\"2023-11-22T12:26:07+00:00\" \/>\n<meta name=\"twitter:card\" content=\"summary_large_image\" \/>\n<meta name=\"twitter:label1\" content=\"Est. reading time\" \/>\n\t<meta name=\"twitter:data1\" content=\"1 minute\" \/>\n<script type=\"application\/ld+json\" class=\"yoast-schema-graph\">{\"@context\":\"https:\\\/\\\/schema.org\",\"@graph\":[{\"@type\":\"WebPage\",\"@id\":\"https:\\\/\\\/tkgune.eus\\\/en\\\/privacy-policy\\\/\",\"url\":\"https:\\\/\\\/tkgune.eus\\\/en\\\/privacy-policy\\\/\",\"name\":\"Privacy Policy - TKgune\",\"isPartOf\":{\"@id\":\"https:\\\/\\\/tkgune.eus\\\/en\\\/#website\"},\"datePublished\":\"2020-07-16T09:27:43+00:00\",\"dateModified\":\"2023-11-22T12:26:07+00:00\",\"breadcrumb\":{\"@id\":\"https:\\\/\\\/tkgune.eus\\\/en\\\/privacy-policy\\\/#breadcrumb\"},\"inLanguage\":\"en-US\",\"potentialAction\":[{\"@type\":\"ReadAction\",\"target\":[\"https:\\\/\\\/tkgune.eus\\\/en\\\/privacy-policy\\\/\"]}]},{\"@type\":\"BreadcrumbList\",\"@id\":\"https:\\\/\\\/tkgune.eus\\\/en\\\/privacy-policy\\\/#breadcrumb\",\"itemListElement\":[{\"@type\":\"ListItem\",\"position\":1,\"name\":\"Portada\",\"item\":\"https:\\\/\\\/tkgune.eus\\\/en\\\/\"},{\"@type\":\"ListItem\",\"position\":2,\"name\":\"Privacy Policy\"}]},{\"@type\":\"WebSite\",\"@id\":\"https:\\\/\\\/tkgune.eus\\\/en\\\/#website\",\"url\":\"https:\\\/\\\/tkgune.eus\\\/en\\\/\",\"name\":\"TKgune\",\"description\":\"Berrikuntza eta Teknologia transferentziarako sarea\",\"publisher\":{\"@id\":\"https:\\\/\\\/tkgune.eus\\\/en\\\/#organization\"},\"potentialAction\":[{\"@type\":\"SearchAction\",\"target\":{\"@type\":\"EntryPoint\",\"urlTemplate\":\"https:\\\/\\\/tkgune.eus\\\/en\\\/?s={search_term_string}\"},\"query-input\":{\"@type\":\"PropertyValueSpecification\",\"valueRequired\":true,\"valueName\":\"search_term_string\"}}],\"inLanguage\":\"en-US\"},{\"@type\":\"Organization\",\"@id\":\"https:\\\/\\\/tkgune.eus\\\/en\\\/#organization\",\"name\":\"Tknika\",\"url\":\"https:\\\/\\\/tkgune.eus\\\/en\\\/\",\"logo\":{\"@type\":\"ImageObject\",\"inLanguage\":\"en-US\",\"@id\":\"https:\\\/\\\/tkgune.eus\\\/en\\\/#\\\/schema\\\/logo\\\/image\\\/\",\"url\":\"https:\\\/\\\/tkgune.eus\\\/wp-content\\\/uploads\\\/2020\\\/07\\\/tknika-logo.png\",\"contentUrl\":\"https:\\\/\\\/tkgune.eus\\\/wp-content\\\/uploads\\\/2020\\\/07\\\/tknika-logo.png\",\"width\":490,\"height\":95,\"caption\":\"Tknika\"},\"image\":{\"@id\":\"https:\\\/\\\/tkgune.eus\\\/en\\\/#\\\/schema\\\/logo\\\/image\\\/\"}}]}<\/script>\n<!-- \/ Yoast SEO plugin. -->","yoast_head_json":{"title":"Privacy Policy - TKgune","robots":{"index":"index","follow":"follow","max-snippet":"max-snippet:-1","max-image-preview":"max-image-preview:large","max-video-preview":"max-video-preview:-1"},"canonical":"https:\/\/tkgune.eus\/en\/privacy-policy\/","og_locale":"en_US","og_type":"article","og_title":"Privacy Policy - TKgune","og_description":"RESPONSABLE TKNIKA, CENTRO DE INVESTIGACI\u00d3N E INNOVACI\u00d3N APLICADA DE LA FORMACI\u00d3N PROFESIONAL DEL PA\u00cdS VASCO, Zamalbide Auzoa, z\/g of the town of ERRENTERIA CP 20100 (GIPUZKOA), to the telephone number (+34) 943082900 or to the email info@tknika.eus. PURPOSE The processing of personal data is carried out for the purpose of administrative management of user data.&hellip;","og_url":"https:\/\/tkgune.eus\/en\/privacy-policy\/","og_site_name":"TKgune","article_modified_time":"2023-11-22T12:26:07+00:00","twitter_card":"summary_large_image","twitter_misc":{"Est. reading time":"1 minute"},"schema":{"@context":"https:\/\/schema.org","@graph":[{"@type":"WebPage","@id":"https:\/\/tkgune.eus\/en\/privacy-policy\/","url":"https:\/\/tkgune.eus\/en\/privacy-policy\/","name":"Privacy Policy - TKgune","isPartOf":{"@id":"https:\/\/tkgune.eus\/en\/#website"},"datePublished":"2020-07-16T09:27:43+00:00","dateModified":"2023-11-22T12:26:07+00:00","breadcrumb":{"@id":"https:\/\/tkgune.eus\/en\/privacy-policy\/#breadcrumb"},"inLanguage":"en-US","potentialAction":[{"@type":"ReadAction","target":["https:\/\/tkgune.eus\/en\/privacy-policy\/"]}]},{"@type":"BreadcrumbList","@id":"https:\/\/tkgune.eus\/en\/privacy-policy\/#breadcrumb","itemListElement":[{"@type":"ListItem","position":1,"name":"Portada","item":"https:\/\/tkgune.eus\/en\/"},{"@type":"ListItem","position":2,"name":"Privacy Policy"}]},{"@type":"WebSite","@id":"https:\/\/tkgune.eus\/en\/#website","url":"https:\/\/tkgune.eus\/en\/","name":"TKgune","description":"Berrikuntza eta Teknologia transferentziarako sarea","publisher":{"@id":"https:\/\/tkgune.eus\/en\/#organization"},"potentialAction":[{"@type":"SearchAction","target":{"@type":"EntryPoint","urlTemplate":"https:\/\/tkgune.eus\/en\/?s={search_term_string}"},"query-input":{"@type":"PropertyValueSpecification","valueRequired":true,"valueName":"search_term_string"}}],"inLanguage":"en-US"},{"@type":"Organization","@id":"https:\/\/tkgune.eus\/en\/#organization","name":"Tknika","url":"https:\/\/tkgune.eus\/en\/","logo":{"@type":"ImageObject","inLanguage":"en-US","@id":"https:\/\/tkgune.eus\/en\/#\/schema\/logo\/image\/","url":"https:\/\/tkgune.eus\/wp-content\/uploads\/2020\/07\/tknika-logo.png","contentUrl":"https:\/\/tkgune.eus\/wp-content\/uploads\/2020\/07\/tknika-logo.png","width":490,"height":95,"caption":"Tknika"},"image":{"@id":"https:\/\/tkgune.eus\/en\/#\/schema\/logo\/image\/"}}]}},"_links":{"self":[{"href":"https:\/\/tkgune.eus\/en\/wp-json\/wp\/v2\/pages\/11530","targetHints":{"allow":["GET"]}}],"collection":[{"href":"https:\/\/tkgune.eus\/en\/wp-json\/wp\/v2\/pages"}],"about":[{"href":"https:\/\/tkgune.eus\/en\/wp-json\/wp\/v2\/types\/page"}],"author":[{"embeddable":true,"href":"https:\/\/tkgune.eus\/en\/wp-json\/wp\/v2\/users\/1"}],"replies":[{"embeddable":true,"href":"https:\/\/tkgune.eus\/en\/wp-json\/wp\/v2\/comments?post=11530"}],"version-history":[{"count":1,"href":"https:\/\/tkgune.eus\/en\/wp-json\/wp\/v2\/pages\/11530\/revisions"}],"predecessor-version":[{"id":11531,"href":"https:\/\/tkgune.eus\/en\/wp-json\/wp\/v2\/pages\/11530\/revisions\/11531"}],"wp:attachment":[{"href":"https:\/\/tkgune.eus\/en\/wp-json\/wp\/v2\/media?parent=11530"}],"curies":[{"name":"wp","href":"https:\/\/api.w.org\/{rel}","templated":true}]}}